{"id":10,"date":"2018-06-25T06:38:38","date_gmt":"2018-06-25T06:38:38","guid":{"rendered":"http:\/\/icl-immobilien.de\/?page_id=10"},"modified":"2025-01-26T09:27:56","modified_gmt":"2025-01-26T08:27:56","slug":"unser-leistungen","status":"publish","type":"page","link":"https:\/\/icl-immobilien.de\/","title":{"rendered":"Unser Leistungen"},"content":{"rendered":"<p><big><big><span style=\"font-size: medium;\"><big><big><b>Wir helfen Ihnen, erfolgreich Ihre Immobilie zu verkaufen!<\/b><\/big><\/big><\/span><\/big><\/big><br \/>\n<span style=\"font-size: medium;\"><b><big><big><br \/>\n<\/big><\/big>Wie oft im Leben verkaufen Sie Ihre Immobilie?<\/b><br \/>\n<\/span><\/p>\n<p><span style=\"font-size: medium;\">Wenn Sie Ihr Haus, Ihre Wohnung oder Ihr Grundst\u00fcck ver\u00e4u\u00dfern, brauchen Sie gute Konditionen: Sie machen sich auf den Weg, um den Preis zu ermitteln, bem\u00fchen sich um Interessenten und verbringen Ihre wertvolle Zeit mit zahlreichen Besichtigungen. Sie gehen auf alle Fragen ein, regeln das Finanzielle und erst dann \u2013 mit viel Gl\u00fcck \u2013 schreiten Sie erfolgreich zum Notar. Ihre sch\u00f6ne Immobilie entpuppt sich als anstrengender Mobilmacher.<\/span><\/p>\n<p><span style=\"font-size: medium;\">Und wenn Sie diese Prozedur nicht einige Male in Ihrem Leben trainiert haben, wenn Sie nicht genau wissen, was Ihr Eigentum wert ist und worauf Sie achten m\u00fcssen, kann das ganz schnell zum Problem werden.<br \/>\nEine Fehlentscheidung w\u00fcrde Sie viel Geld kosten!<br \/>\n<\/span><\/p>\n<p><span style=\"font-size: medium;\">Auf Erfahrung setzen, hei\u00dft Fehler vermeiden.<br \/>\n<\/span><\/p>\n<p><span style=\"font-size: medium;\">Auf uns k\u00f6nnen Sie sich verlassen. Durch unsere Erfahrung erkennen wir Probleme, bevor Sie auftreten und wissen genau, wie man Fehler vermeidet. Wir sehen, wo Fu\u00dfangeln lauern und helfen Ihnen, sich rechtzeitig vor Streit, \u00c4rger und schmerzhaften finanziellen Verlusten zu sch\u00fctzen.<br \/>\nAls Ihr pers\u00f6nlicher Mitarbeiter beraten wir Sie bei der Wertermittlung, im Umgang mit \u00c4mtern und Anw\u00e4lten, bei Banken, Beh\u00f6rden und Notaren. Sie werden sp\u00fcrbar entlastet und gehen dabei auf Nummer sicher.<br \/>\n<\/span><\/p>\n<p><span style=\"font-size: medium;\">Als ausgebildeter Kaufmann in der Grundst\u00fccks- und Wohnungswirtschaft haben wir t\u00e4glich Umgang mit Kaufinteressenten. So k\u00f6nnen wir die Spreu vom Weizen trennen, diskret und kompetent Besichtigungen durchf\u00fchren und alle Verkaufsformalit\u00e4ten perfekt vorbereiten.<br \/>\nWenn Sie uns den Verkauf Ihrer Immobilie anvertrauen, haben Sie einen erfahrenen und kompetenten Makler an Ihrer Seite. Setzen Sie auf diese Erfahrung! <\/span><\/p>\n<p><span style=\"font-size: medium;\"><b>Was bedeutet das f\u00fcr Sie in der Praxis?<\/b><br \/>\n<\/span><\/p>\n<p><span style=\"font-size: medium;\">Um den besten Preis f\u00fcr Ihre Immobilie zu erzielen, ist eine professionelle Vergehensweise unbedingte Voraussetzung: <\/span><\/p>\n<ul>\n<li><span style=\"font-size: medium;\">Sorgf\u00e4ltige und kostenlose Analyse Ihrer Immobilie zur Ermittlung des Marktwertes<\/span><\/li>\n<li><span style=\"font-size: medium;\">Pr\u00e4senz in den entscheidenden Immobiliensuchmaschinen<br \/>\n<\/span><\/li>\n<li><span style=\"font-size: medium;\">Individuell gestaltete Anzeigen in Tageszeitungen und in Regionalzeitungen<\/span><\/li>\n<li><span style=\"font-size: medium;\">Individuelle, aussagekr\u00e4ftige und bebilderte Exposes <\/span><\/li>\n<li><span style=\"font-size: medium;\">Interessenten-Direktmaillings <\/span><\/li>\n<li><span style=\"font-size: medium;\">Verkaufsschilder und Bautafeln <\/span><\/li>\n<li><span style=\"font-size: medium;\">Pers\u00f6nliche Beratung bei s\u00e4mtlichen Besichtigungen <\/span><\/li>\n<li><span style=\"font-size: medium;\">Kompetente Vorbereitung des Notartermins inkl. Solvenzpr\u00fcfung<\/span><\/li>\n<li><span style=\"font-size: medium;\">Protokollierte \u00dcbergabe inklusive Zwischenablesung der Wasser- und Heizkostenverbrauchserfassungsger\u00e4te <\/span><\/li>\n<\/ul>\n","protected":false},"excerpt":{"rendered":"<p>Wir helfen Ihnen, erfolgreich Ihre Immobilie zu verkaufen! Wie oft im Leben verkaufen Sie Ihre Immobilie? Wenn Sie Ihr Haus, Ihre Wohnung oder Ihr Grundst\u00fcck ver\u00e4u\u00dfern, brauchen Sie gute Konditionen: Sie machen sich auf den Weg, um den Preis zu ermitteln, bem\u00fchen sich um Interessenten und verbringen Ihre wertvolle Zeit mit zahlreichen Besichtigungen. Sie gehen &hellip; <\/p>\n<p class=\"link-more\"><a href=\"https:\/\/icl-immobilien.de\/\" class=\"more-link\"><span class=\"screen-reader-text\">\u201eUnser Leistungen\u201c <\/span>weiterlesen<\/a><\/p>\n","protected":false},"author":1,"featured_media":0,"parent":0,"menu_order":0,"comment_status":"closed","ping_status":"closed","template":"","meta":{"footnotes":""},"class_list":["post-10","page","type-page","status-publish","hentry"],"_links":{"self":[{"href":"https:\/\/icl-immobilien.de\/index.php?rest_route=\/wp\/v2\/pages\/10","targetHints":{"allow":["GET"]}}],"collection":[{"href":"https:\/\/icl-immobilien.de\/index.php?rest_route=\/wp\/v2\/pages"}],"about":[{"href":"https:\/\/icl-immobilien.de\/index.php?rest_route=\/wp\/v2\/types\/page"}],"author":[{"embeddable":true,"href":"https:\/\/icl-immobilien.de\/index.php?rest_route=\/wp\/v2\/users\/1"}],"replies":[{"embeddable":true,"href":"https:\/\/icl-immobilien.de\/index.php?rest_route=%2Fwp%2Fv2%2Fcomments&post=10"}],"version-history":[{"count":1,"href":"https:\/\/icl-immobilien.de\/index.php?rest_route=\/wp\/v2\/pages\/10\/revisions"}],"predecessor-version":[{"id":11,"href":"https:\/\/icl-immobilien.de\/index.php?rest_route=\/wp\/v2\/pages\/10\/revisions\/11"}],"wp:attachment":[{"href":"https:\/\/icl-immobilien.de\/index.php?rest_route=%2Fwp%2Fv2%2Fmedia&parent=10"}],"curies":[{"name":"wp","href":"https:\/\/api.w.org\/{rel}","templated":true}]}}