{"id":12,"date":"2018-06-25T06:39:31","date_gmt":"2018-06-25T06:39:31","guid":{"rendered":"http:\/\/icl-immobilien.de\/?page_id=12"},"modified":"2018-06-25T06:39:31","modified_gmt":"2018-06-25T06:39:31","slug":"impressum","status":"publish","type":"page","link":"https:\/\/icl-immobilien.de\/?page_id=12","title":{"rendered":"Impressum"},"content":{"rendered":"<p><big><big>Impressum<\/big><\/big><\/p>\n<p><span style=\"font-size: medium;\">Der Firmeninhaber Christian Lederer ist gelernter Kaufmann in der Grundst\u00fccks- und Wohnungswirtschaft (IHK), Dipl. Sachverst\u00e4ndiger f\u00fcr die Bewertung von bebauten und unbebauten Grundst\u00fccken, Mieten und Pachten (DIA), Ausbilder f\u00fcr den Ausbildungsberuf Kaufmann\/-frau in der Grundst\u00fccks- und Wohnungswirtschaft sowie Mitglied im Pr\u00fcfungsausschuss der IHK f\u00fcr M\u00fcnchen und Oberbayern.<\/span><\/p>\n<p><span style=\"font-size: medium;\">Unsere B\u00fcror\u00e4ume befinden sich in der N\u00e4he des Goetheplatzes, in der Maistra\u00dfe 63.<br \/>\nSie k\u00f6nnen uns von Montag bis Freitag von 9:00 Uhr bis 18:00 Uhr pers\u00f6nlich erreichen. Au\u00dferhalb dieser Zeit k\u00f6nnen Sie eine Nachricht auf unserem Anrufbeantworter hinterlassen. Wir rufen Sie umgehend zur\u00fcck.<br \/>\n<\/span><\/p>\n<p><span style=\"font-size: medium;\">Unsere Maklert\u00e4tigkeiten umfassen \u00fcberwiegend den Verkauf von H\u00e4usern, Wohnungen und Grundst\u00fccken in und um M\u00fcnchen.<br \/>\nS\u00e4mtliche Objektbesichtigungen und Kundengespr\u00e4che werden pers\u00f6nlich von Herrn Lederer durchgef\u00fchrt.<br \/>\nClient Care, gegenseitiges Vertrauen, Diskretion, professionelle Abwicklung, umfangreiche Dienstleistung und kompetente Beratung vor, w\u00e4hrend und nach der Abwicklung von Auftr\u00e4gen sind nur einige Merkmale von Immobilien Christian Lederer.<\/p>\n<p><\/span><\/p>\n<table width=\"100%\">\n<tbody>\n<tr>\n<td>Immobilien Christian Lederer<\/td>\n<\/tr>\n<tr>\n<td>Maistra\u00dfe 63<\/td>\n<\/tr>\n<tr>\n<td>80337 M\u00fcnchen<\/td>\n<\/tr>\n<tr>\n<td>Telefon 089-51 45 09 01<\/td>\n<\/tr>\n<tr>\n<td>Telefax 089-51 45 09 02<\/td>\n<\/tr>\n<tr>\n<td><a href=\"mailto:info@icl-immobilien.de\">info@icl-immobilien.de<\/a><\/td>\n<\/tr>\n<\/tbody>\n<\/table>\n<p><b><i><span>Gewerbeerlaubnis gem. \u00a734 c GewO wurde erteilt durch die Landeshauptstadt M\u00fcnchen<\/span><\/i><\/b><br \/>\n<b><i><span>Zust\u00e4ndige Aufsichtsbeh\u00f6rde: Landeshauptstadt M\u00fcnchen &#8211; Kreisverwaltungsreferat &#8211; Ruppertstrasse 11 &#8211; 80337 M\u00fcnchen<\/span><\/i><\/b><br \/>\n<b><i><span>UST-IdNr.: DE192130722<\/span><\/i><\/b><\/p>\n","protected":false},"excerpt":{"rendered":"<p>Impressum Der Firmeninhaber Christian Lederer ist gelernter Kaufmann in der Grundst\u00fccks- und Wohnungswirtschaft (IHK), Dipl. Sachverst\u00e4ndiger f\u00fcr die Bewertung von bebauten und unbebauten Grundst\u00fccken, Mieten und Pachten (DIA), Ausbilder f\u00fcr den Ausbildungsberuf Kaufmann\/-frau in der Grundst\u00fccks- und Wohnungswirtschaft sowie Mitglied im Pr\u00fcfungsausschuss der IHK f\u00fcr M\u00fcnchen und Oberbayern. Unsere B\u00fcror\u00e4ume befinden sich in der N\u00e4he &hellip; <\/p>\n<p class=\"link-more\"><a href=\"https:\/\/icl-immobilien.de\/?page_id=12\" class=\"more-link\"><span class=\"screen-reader-text\">\u201eImpressum\u201c <\/span>weiterlesen<\/a><\/p>\n","protected":false},"author":1,"featured_media":0,"parent":0,"menu_order":0,"comment_status":"closed","ping_status":"closed","template":"","meta":{"footnotes":""},"class_list":["post-12","page","type-page","status-publish","hentry"],"_links":{"self":[{"href":"https:\/\/icl-immobilien.de\/index.php?rest_route=\/wp\/v2\/pages\/12","targetHints":{"allow":["GET"]}}],"collection":[{"href":"https:\/\/icl-immobilien.de\/index.php?rest_route=\/wp\/v2\/pages"}],"about":[{"href":"https:\/\/icl-immobilien.de\/index.php?rest_route=\/wp\/v2\/types\/page"}],"author":[{"embeddable":true,"href":"https:\/\/icl-immobilien.de\/index.php?rest_route=\/wp\/v2\/users\/1"}],"replies":[{"embeddable":true,"href":"https:\/\/icl-immobilien.de\/index.php?rest_route=%2Fwp%2Fv2%2Fcomments&post=12"}],"version-history":[{"count":1,"href":"https:\/\/icl-immobilien.de\/index.php?rest_route=\/wp\/v2\/pages\/12\/revisions"}],"predecessor-version":[{"id":13,"href":"https:\/\/icl-immobilien.de\/index.php?rest_route=\/wp\/v2\/pages\/12\/revisions\/13"}],"wp:attachment":[{"href":"https:\/\/icl-immobilien.de\/index.php?rest_route=%2Fwp%2Fv2%2Fmedia&parent=12"}],"curies":[{"name":"wp","href":"https:\/\/api.w.org\/{rel}","templated":true}]}}