{"id":14,"date":"2018-06-25T06:42:18","date_gmt":"2018-06-25T06:42:18","guid":{"rendered":"http:\/\/icl-immobilien.de\/?page_id=14"},"modified":"2018-06-25T06:52:28","modified_gmt":"2018-06-25T06:52:28","slug":"datenschutzerklaerung","status":"publish","type":"page","link":"https:\/\/icl-immobilien.de\/?page_id=14","title":{"rendered":"Datenschutzerkl\u00e4rung"},"content":{"rendered":"<div class=\"row start\">\n<div class=\"col-xs-12 col-sm-8 col-md-7 col-md-offset-1\">\n<h2>Datenschutzerkl\u00e4rung Immobilien Christian Lederer<\/h2>\n<div class=\"textItem\">\n<p align=\"left\">Wir freuen uns sehr \u00fcber Ihr Interesse an unserem Unternehmen. Eine Nutzung der Internetseiten von\u00a0 Immobilien Christian Lederer ist grunds\u00e4tzlich ohne jede Angabe personenbezogener Daten m\u00f6glich. Sofern eine betroffene Person besondere Services unseres Unternehmens \u00fcber unsere Internetseite in Anspruch nehmen m\u00f6chte, k\u00f6nnte jedoch eine Verarbeitung personenbezogener Daten erforderlich werden. Ist die Verarbeitung personenbezogener Daten erforderlich und besteht f\u00fcr eine solche Verarbeitung keine gesetzliche Grundlage, holen wir generell eine Einwilligung der betroffenen Person ein.<\/p>\n<p align=\"left\">Die Verarbeitung personenbezogener Daten, beispielsweise des Namens, der Anschrift, E-Mail-Adresse oder Telefonnummer einer betroffenen Person, erfolgt stets im Einklang mit der Datenschutz-Grundverordnung und in \u00dcbereinstimmung mit den f\u00fcr die Immobilien Christian Lederer geltenden landesspezifischen Datenschutzbestimmungen. Mittels dieser Datenschutzerkl\u00e4rung m\u00f6chte unser Unternehmen die \u00d6ffentlichkeit \u00fcber Art, Umfang und Zweck der von uns erhobenen, genutzten und verarbeiteten personenbezogenen Daten informieren. Ferner werden betroffene Personen mittels dieser Datenschutzerkl\u00e4rung \u00fcber die ihnen zustehenden Rechte aufgekl\u00e4rt.<\/p>\n<p align=\"left\">Immobilien Christian Lederer hat als f\u00fcr die Verarbeitung Verantwortlicher zahlreiche technische und organisatorische Ma\u00dfnahmen umgesetzt, um einen m\u00f6glichst l\u00fcckenlosen Schutz der \u00fcber diese Internetseite verarbeiteten personenbezogenen Daten sicherzustellen. Dennoch k\u00f6nnen Internetbasierte Daten\u00fcbertragungen grunds\u00e4tzlich Sicherheitsl\u00fccken aufweisen, sodass ein absoluter Schutz nicht gew\u00e4hrleistet werden kann. Aus diesem Grund steht es jeder betroffenen Person frei, personenbezogene Daten auch auf alternativen Wegen, beispielsweise telefonisch, an uns zu \u00fcbermitteln.<\/p>\n<h4>Name und Anschrift des f\u00fcr die Verarbeitung Verantwortlichen<\/h4>\n<p align=\"left\">Verantwortlicher im Sinne der Datenschutz-Grundverordnung, sonstiger in den Mitgliedstaaten der Europ\u00e4ischen Union geltenden Datenschutzgesetze und anderer Bestimmungen mit datenschutzrechtlichem Charakter ist die:<\/p>\n<p align=\"left\">Immobilien Christian Lederer<\/p>\n<p align=\"left\">Maistr. 63<\/p>\n<p align=\"left\">80337 M\u00fcnchen<\/p>\n<p align=\"left\">Deutschland<\/p>\n<p align=\"left\">Tel.: 089-51 45 09 01<\/p>\n<p align=\"left\">E-Mail: info@icl-immobilien.de<\/p>\n<p align=\"left\">Website: https:\/\/www.icl-immobilien.de<\/p>\n<h4 class=\"western\" align=\"left\">Kontaktm\u00f6glichkeit \u00fcber die Internetseite<\/h4>\n<p align=\"left\">Die Internetseite von Immobilien Christian Lederer enth\u00e4lt aufgrund von gesetzlichen Vorschriften Angaben, die eine schnelle elektronische Kontaktaufnahme zu unserem Unternehmen sowie eine unmittelbare Kommunikation mit uns erm\u00f6glichen, was ebenfalls eine allgemeine Adresse der sogenannten elektronischen Post (E-Mail-Adresse) umfasst. Sofern eine betroffene Person per E-Mail, per Angebotsanfrage oder \u00fcber ein Kontaktformular den Kontakt mit dem f\u00fcr die Verarbeitung Verantwortlichen aufnimmt, werden die von der betroffenen Person \u00fcbermittelten personenbezogenen Daten automatisch gespeichert. Solche auf freiwilliger Basis von einer betroffenen Person an den f\u00fcr die Verarbeitung Verantwortlichen \u00fcbermittelten personenbezogenen Daten werden f\u00fcr Zwecke der Bearbeitung oder der Kontaktaufnahme zur betroffenen Person gespeichert. Es erfolgt keine Weitergabe dieser personenbezogenen Daten an Dritte.<\/p>\n<h4>Auskunft\/Widerruf\/L\u00f6schung<\/h4>\n<p>Sie k\u00f6nnen sich aufgrund des Bundesdatenschutzgesetzes bei Fragen zur Erhebung, Verarbeitung oder Nutzung Ihrer personenbezogenen Daten und deren Berichtigung, Sperrung, L\u00f6schung oder einem Widerruf einer erteilten Einwilligung unentgeltlich an uns wenden. Wir weisen darauf hin, dass Ihnen ein Recht auf Berichtigung falscher Daten oder L\u00f6schung personenbezogener Daten zusteht, sollte diesem Anspruch keine gesetzliche Aufbewahrungspflicht entgegenstehen.<\/p>\n<h4>Beschwerderecht bei der zust\u00e4ndigen Aufsichtsbeh\u00f6rde<\/h4>\n<p class=\"bodytext\">Im Falle datenschutzrechtlicher Verst\u00f6\u00dfe steht dem Betroffenen ein Beschwerderecht bei der zust\u00e4ndigen Aufsichtsbeh\u00f6rde zu. Zust\u00e4ndige Aufsichtsbeh\u00f6rde in datenschutzrechtlichen Fragen ist der Landesdatenschutzbeauftragte des Bundeslandes, in dem unser Unternehmen seinen Sitz hat. Eine Liste der Datenschutzbeauftragten sowie deren Kontaktdaten k\u00f6nnen folgendem Link entnommen werden: <a href=\"https:\/\/www.bfdi.bund.de\/DE\/Infothek\/Anschriften_Links\/anschriften_links-node.html\" target=\"_blank\" rel=\"noopener\">https:\/\/www.bfdi.bund.de\/DE\/Infothek\/Anschriften_Links\/anschriften_links-node.html<\/a>.<\/p>\n<h4>Recht auf Daten\u00fcbertragbarkeit<\/h4>\n<p class=\"bodytext\">Sie haben das Recht, Daten, die wir auf Grundlage Ihrer Einwilligung oder in Erf\u00fcllung eines Vertrags automatisiert verarbeiten, an sich oder an einen Dritten in einem g\u00e4ngigen, maschinenlesbaren Format aush\u00e4ndigen zu lassen. Sofern Sie die direkte \u00dcbertragung der Daten an einen anderen Verantwortlichen verlangen, erfolgt dies nur, soweit es technisch machbar ist.<\/p>\n<h4>SSL- bzw. TLS-Verschl\u00fcsselung<\/h4>\n<p class=\"bodytext\">Diese Seite nutzt aus Sicherheitsgr\u00fcnden und zum Schutz der \u00dcbertragung vertraulicher Inhalte, wie zum Beispiel Bestellungen oder Anfragen, die Sie an uns als Seitenbetreiber senden, eine SSL-bzw. TLS-Verschl\u00fcsselung. Eine verschl\u00fcsselte Verbindung erkennen Sie daran, dass die Adresszeile des Browsers von \u201chttp:\/\/\u201d auf \u201chttps:\/\/\u201d wechselt und an dem Schloss-Symbol in Ihrer Browserzeile.<\/p>\n<h4 class=\"western\" align=\"left\">Erfassung von allgemeinen Daten und Informationen<\/h4>\n<p align=\"left\">Die Internetseite Immobilien Christain Lederer erfasst mit jedem Aufruf der Internetseite durch eine betroffene Person oder ein automatisiertes System eine Reihe von allgemeinen Daten und Informationen. Diese allgemeinen Daten und Informationen werden in den Logfiles des Servers gespeichert.<\/p>\n<ul>\n<li>Browsertyp und Browserversion<\/li>\n<li>verwendetes Betriebssystem<\/li>\n<li>Referrer URL<\/li>\n<li>Hostname des zugreifenden Rechners<\/li>\n<li>Uhrzeit der Serveranfrage<\/li>\n<li>IP-Adresse<\/li>\n<\/ul>\n<p>Eine Zusammenf\u00fchrung dieser Daten mit anderen Datenquellen wird nicht vorgenommen. Bei der Nutzung dieser allgemeinen Daten und Informationen zieht Immobilien Christain Lederer keine R\u00fcckschl\u00fcsse auf die betroffene Person.<\/p>\n<h4 class=\"western\" align=\"left\">Cookies<\/h4>\n<p>Die Internetseiten von Immobilien Christian Lederer verwenden Cookies. Cookies sind Textdateien, welche \u00fcber einen Internetbrowser auf einem Computersystem abgelegt und gespeichert werden. Weiter Informationen \u00fcber cookies finden sie in unserer Cookiepolicy.<\/p>\n<\/div>\n<\/div>\n<div class=\"col-xs-12 col-sm-4 col-md-3 col-md-offset-1\">\n<div class=\"seitenartikel\">\n<div class=\"textItem\"><\/div>\n<\/div>\n<\/div>\n<\/div>\n","protected":false},"excerpt":{"rendered":"<p>Datenschutzerkl\u00e4rung Immobilien Christian Lederer Wir freuen uns sehr \u00fcber Ihr Interesse an unserem Unternehmen. Eine Nutzung der Internetseiten von\u00a0 Immobilien Christian Lederer ist grunds\u00e4tzlich ohne jede Angabe personenbezogener Daten m\u00f6glich. Sofern eine betroffene Person besondere Services unseres Unternehmens \u00fcber unsere Internetseite in Anspruch nehmen m\u00f6chte, k\u00f6nnte jedoch eine Verarbeitung personenbezogener Daten erforderlich werden. Ist die &hellip; <\/p>\n<p class=\"link-more\"><a href=\"https:\/\/icl-immobilien.de\/?page_id=14\" class=\"more-link\"><span class=\"screen-reader-text\">\u201eDatenschutzerkl\u00e4rung\u201c <\/span>weiterlesen<\/a><\/p>\n","protected":false},"author":1,"featured_media":0,"parent":0,"menu_order":0,"comment_status":"closed","ping_status":"closed","template":"","meta":{"footnotes":""},"class_list":["post-14","page","type-page","status-publish","hentry"],"_links":{"self":[{"href":"https:\/\/icl-immobilien.de\/index.php?rest_route=\/wp\/v2\/pages\/14","targetHints":{"allow":["GET"]}}],"collection":[{"href":"https:\/\/icl-immobilien.de\/index.php?rest_route=\/wp\/v2\/pages"}],"about":[{"href":"https:\/\/icl-immobilien.de\/index.php?rest_route=\/wp\/v2\/types\/page"}],"author":[{"embeddable":true,"href":"https:\/\/icl-immobilien.de\/index.php?rest_route=\/wp\/v2\/users\/1"}],"replies":[{"embeddable":true,"href":"https:\/\/icl-immobilien.de\/index.php?rest_route=%2Fwp%2Fv2%2Fcomments&post=14"}],"version-history":[{"count":4,"href":"https:\/\/icl-immobilien.de\/index.php?rest_route=\/wp\/v2\/pages\/14\/revisions"}],"predecessor-version":[{"id":18,"href":"https:\/\/icl-immobilien.de\/index.php?rest_route=\/wp\/v2\/pages\/14\/revisions\/18"}],"wp:attachment":[{"href":"https:\/\/icl-immobilien.de\/index.php?rest_route=%2Fwp%2Fv2%2Fmedia&parent=14"}],"curies":[{"name":"wp","href":"https:\/\/api.w.org\/{rel}","templated":true}]}}